{"id":10317,"date":"2026-01-28T16:18:25","date_gmt":"2026-01-28T16:18:25","guid":{"rendered":"https:\/\/polydeck.com\/?page_id=10317"},"modified":"2026-02-11T14:48:50","modified_gmt":"2026-02-11T14:48:50","slug":"metaldex-xpt","status":"publish","type":"page","link":"https:\/\/polydeck.com\/es\/metaldex-xpt\/","title":{"rendered":"Metaldex XPT"},"content":{"rendered":"","protected":false},"excerpt":{"rendered":"","protected":false},"author":1,"featured_media":-1,"parent":0,"menu_order":0,"comment_status":"closed","ping_status":"closed","template":"","meta":{"footnotes":""},"class_list":["post-10317","page","type-page","status-publish","has-post-thumbnail","hentry"],"yoast_head":"<!-- This site is optimized with the Yoast SEO plugin v27.3 - https:\/\/yoast.com\/product\/yoast-seo-wordpress\/ -->\n<title>METALDEX XPT: Wire Cloth Throughput without the Tradeoffs<\/title>\n<meta name=\"description\" content=\"METALDEX XPT from Polydeck gives aggregate producers wire cloth throughput with longer run cycles, faster changeouts, and more consistent deck performance.\" \/>\n<meta name=\"robots\" content=\"index, follow, max-snippet:-1, max-image-preview:large, max-video-preview:-1\" \/>\n<link rel=\"canonical\" href=\"https:\/\/polydeck.com\/es\/metaldex-xpt\/\" \/>\n<meta property=\"og:locale\" content=\"es_ES\" \/>\n<meta property=\"og:type\" content=\"article\" \/>\n<meta property=\"og:title\" content=\"METALDEX XPT: Wire Cloth Throughput without the Tradeoffs\" \/>\n<meta property=\"og:description\" content=\"METALDEX XPT from Polydeck gives aggregate producers wire cloth throughput with longer run cycles, faster changeouts, and more consistent deck performance.\" \/>\n<meta property=\"og:url\" content=\"https:\/\/polydeck.com\/es\/metaldex-xpt\/\" \/>\n<meta property=\"og:site_name\" content=\"Polydeck\" \/>\n<meta property=\"article:modified_time\" content=\"2026-02-11T14:48:50+00:00\" \/>\n<meta name=\"twitter:card\" content=\"summary_large_image\" \/>\n<script type=\"application\/ld+json\" class=\"yoast-schema-graph\">{\"@context\":\"https:\\\/\\\/schema.org\",\"@graph\":[{\"@type\":\"WebPage\",\"@id\":\"https:\\\/\\\/polydeck.com\\\/metaldex-xpt\\\/\",\"url\":\"https:\\\/\\\/polydeck.com\\\/metaldex-xpt\\\/\",\"name\":\"METALDEX XPT: Wire Cloth Throughput without the Tradeoffs\",\"isPartOf\":{\"@id\":\"https:\\\/\\\/polydeck.com\\\/#website\"},\"datePublished\":\"2026-01-28T16:18:25+00:00\",\"dateModified\":\"2026-02-11T14:48:50+00:00\",\"description\":\"METALDEX XPT from Polydeck gives aggregate producers wire cloth throughput with longer run cycles, faster changeouts, and more consistent deck performance.\",\"breadcrumb\":{\"@id\":\"https:\\\/\\\/polydeck.com\\\/metaldex-xpt\\\/#breadcrumb\"},\"inLanguage\":\"es-CL\",\"potentialAction\":[{\"@type\":\"ReadAction\",\"target\":[\"https:\\\/\\\/polydeck.com\\\/metaldex-xpt\\\/\"]}]},{\"@type\":\"BreadcrumbList\",\"@id\":\"https:\\\/\\\/polydeck.com\\\/metaldex-xpt\\\/#breadcrumb\",\"itemListElement\":[{\"@type\":\"ListItem\",\"position\":1,\"name\":\"Home\",\"item\":\"https:\\\/\\\/polydeck.com\\\/\"},{\"@type\":\"ListItem\",\"position\":2,\"name\":\"Metaldex XPT\"}]},{\"@type\":\"WebSite\",\"@id\":\"https:\\\/\\\/polydeck.com\\\/#website\",\"url\":\"https:\\\/\\\/polydeck.com\\\/\",\"name\":\"Polydeck\",\"description\":\"Modular Synthetic Screen Media\",\"potentialAction\":[{\"@type\":\"SearchAction\",\"target\":{\"@type\":\"EntryPoint\",\"urlTemplate\":\"https:\\\/\\\/polydeck.com\\\/?s={search_term_string}\"},\"query-input\":{\"@type\":\"PropertyValueSpecification\",\"valueRequired\":true,\"valueName\":\"search_term_string\"}}],\"inLanguage\":\"es-CL\"}]}<\/script>\n<!-- \/ Yoast SEO plugin. -->","yoast_head_json":{"title":"METALDEX XPT: Rendimiento en la producci\u00f3n de malla met\u00e1lica sin concesiones","description":"El METALDEX XPT de Polydeck ofrece a los productores de \u00e1ridos un rendimiento de la malla met\u00e1lica con ciclos de funcionamiento m\u00e1s largos, cambios m\u00e1s r\u00e1pidos y un rendimiento m\u00e1s constante de la plataforma.","robots":{"index":"index","follow":"follow","max-snippet":"max-snippet:-1","max-image-preview":"max-image-preview:large","max-video-preview":"max-video-preview:-1"},"canonical":"https:\/\/polydeck.com\/es\/metaldex-xpt\/","og_locale":"es_ES","og_type":"article","og_title":"METALDEX XPT: Wire Cloth Throughput without the Tradeoffs","og_description":"METALDEX XPT from Polydeck gives aggregate producers wire cloth throughput with longer run cycles, faster changeouts, and more consistent deck performance.","og_url":"https:\/\/polydeck.com\/es\/metaldex-xpt\/","og_site_name":"Polydeck","article_modified_time":"2026-02-11T14:48:50+00:00","twitter_card":"summary_large_image","schema":{"@context":"https:\/\/schema.org","@graph":[{"@type":"WebPage","@id":"https:\/\/polydeck.com\/metaldex-xpt\/","url":"https:\/\/polydeck.com\/metaldex-xpt\/","name":"METALDEX XPT: Rendimiento en la producci\u00f3n de malla met\u00e1lica sin concesiones","isPartOf":{"@id":"https:\/\/polydeck.com\/#website"},"datePublished":"2026-01-28T16:18:25+00:00","dateModified":"2026-02-11T14:48:50+00:00","description":"El METALDEX XPT de Polydeck ofrece a los productores de \u00e1ridos un rendimiento de la malla met\u00e1lica con ciclos de funcionamiento m\u00e1s largos, cambios m\u00e1s r\u00e1pidos y un rendimiento m\u00e1s constante de la plataforma.","breadcrumb":{"@id":"https:\/\/polydeck.com\/metaldex-xpt\/#breadcrumb"},"inLanguage":"es-CL","potentialAction":[{"@type":"ReadAction","target":["https:\/\/polydeck.com\/metaldex-xpt\/"]}]},{"@type":"BreadcrumbList","@id":"https:\/\/polydeck.com\/metaldex-xpt\/#breadcrumb","itemListElement":[{"@type":"ListItem","position":1,"name":"Home","item":"https:\/\/polydeck.com\/"},{"@type":"ListItem","position":2,"name":"Metaldex XPT"}]},{"@type":"WebSite","@id":"https:\/\/polydeck.com\/#website","url":"https:\/\/polydeck.com\/","name":"Polydeck","description":"Medios de pantalla sint\u00e9ticos modulares","potentialAction":[{"@type":"SearchAction","target":{"@type":"EntryPoint","urlTemplate":"https:\/\/polydeck.com\/?s={search_term_string}"},"query-input":{"@type":"PropertyValueSpecification","valueRequired":true,"valueName":"search_term_string"}}],"inLanguage":"es-CL"}]}},"_links":{"self":[{"href":"https:\/\/polydeck.com\/es\/wp-json\/wp\/v2\/pages\/10317","targetHints":{"allow":["GET"]}}],"collection":[{"href":"https:\/\/polydeck.com\/es\/wp-json\/wp\/v2\/pages"}],"about":[{"href":"https:\/\/polydeck.com\/es\/wp-json\/wp\/v2\/types\/page"}],"author":[{"embeddable":true,"href":"https:\/\/polydeck.com\/es\/wp-json\/wp\/v2\/users\/1"}],"replies":[{"embeddable":true,"href":"https:\/\/polydeck.com\/es\/wp-json\/wp\/v2\/comments?post=10317"}],"version-history":[{"count":0,"href":"https:\/\/polydeck.com\/es\/wp-json\/wp\/v2\/pages\/10317\/revisions"}],"wp:featuredmedia":[{"embeddable":true,"href":"https:\/\/polydeck.com\/es\/wp-json\/"}],"wp:attachment":[{"href":"https:\/\/polydeck.com\/es\/wp-json\/wp\/v2\/media?parent=10317"}],"curies":[{"name":"wp","href":"https:\/\/api.w.org\/{rel}","templated":true}]}}