{"id":9517,"date":"2025-01-20T21:21:32","date_gmt":"2025-01-20T21:21:32","guid":{"rendered":"https:\/\/polydeck.com\/?page_id=9517"},"modified":"2026-02-18T21:39:07","modified_gmt":"2026-02-18T21:39:07","slug":"protex-cbl","status":"publish","type":"page","link":"https:\/\/polydeck.com\/es\/products\/protex\/protex-cbl\/","title":{"rendered":"Protex CBL"},"content":{"rendered":"","protected":false},"excerpt":{"rendered":"","protected":false},"author":1,"featured_media":0,"parent":9485,"menu_order":0,"comment_status":"closed","ping_status":"closed","template":"","meta":{"footnotes":""},"class_list":["post-9517","page","type-page","status-publish","hentry"],"yoast_head":"<!-- This site is optimized with the Yoast SEO plugin v27.5 - https:\/\/yoast.com\/product\/yoast-seo-wordpress\/ -->\n<title>Protective Products: Protex CBL | Polydeck<\/title>\n<meta name=\"description\" content=\"Our Conveyor Belt Liners provide heavy-duty protection for belt sides from high loads and prevent material loss. Custom sizing and angle fit available.\" \/>\n<meta name=\"robots\" content=\"index, follow, max-snippet:-1, max-image-preview:large, max-video-preview:-1\" \/>\n<link rel=\"canonical\" href=\"https:\/\/polydeck.com\/es\/products\/protex\/protex-cbl\/\" \/>\n<meta property=\"og:locale\" content=\"es_ES\" \/>\n<meta property=\"og:type\" content=\"article\" \/>\n<meta property=\"og:title\" content=\"Protective Products: Protex CBL | Polydeck\" \/>\n<meta property=\"og:description\" content=\"Our Conveyor Belt Liners provide heavy-duty protection for belt sides from high loads and prevent material loss. Custom sizing and angle fit available.\" \/>\n<meta property=\"og:url\" content=\"https:\/\/polydeck.com\/es\/products\/protex\/protex-cbl\/\" \/>\n<meta property=\"og:site_name\" content=\"Polydeck\" \/>\n<meta property=\"article:modified_time\" content=\"2026-02-18T21:39:07+00:00\" \/>\n<meta name=\"twitter:card\" content=\"summary_large_image\" \/>\n<script type=\"application\/ld+json\" class=\"yoast-schema-graph\">{\"@context\":\"https:\\\/\\\/schema.org\",\"@graph\":[{\"@type\":\"WebPage\",\"@id\":\"https:\\\/\\\/polydeck.com\\\/products\\\/protex\\\/protex-cbl\\\/\",\"url\":\"https:\\\/\\\/polydeck.com\\\/products\\\/protex\\\/protex-cbl\\\/\",\"name\":\"Protective Products: Protex CBL | Polydeck\",\"isPartOf\":{\"@id\":\"https:\\\/\\\/polydeck.com\\\/#website\"},\"datePublished\":\"2025-01-20T21:21:32+00:00\",\"dateModified\":\"2026-02-18T21:39:07+00:00\",\"description\":\"Our Conveyor Belt Liners provide heavy-duty protection for belt sides from high loads and prevent material loss. Custom sizing and angle fit available.\",\"breadcrumb\":{\"@id\":\"https:\\\/\\\/polydeck.com\\\/products\\\/protex\\\/protex-cbl\\\/#breadcrumb\"},\"inLanguage\":\"es-CL\",\"potentialAction\":[{\"@type\":\"ReadAction\",\"target\":[\"https:\\\/\\\/polydeck.com\\\/products\\\/protex\\\/protex-cbl\\\/\"]}]},{\"@type\":\"BreadcrumbList\",\"@id\":\"https:\\\/\\\/polydeck.com\\\/products\\\/protex\\\/protex-cbl\\\/#breadcrumb\",\"itemListElement\":[{\"@type\":\"ListItem\",\"position\":1,\"name\":\"Home\",\"item\":\"https:\\\/\\\/polydeck.com\\\/\"},{\"@type\":\"ListItem\",\"position\":2,\"name\":\"Our Products\",\"item\":\"https:\\\/\\\/polydeck.com\\\/products\\\/\"},{\"@type\":\"ListItem\",\"position\":3,\"name\":\"Protective Products\",\"item\":\"https:\\\/\\\/polydeck.com\\\/products\\\/protex\\\/\"},{\"@type\":\"ListItem\",\"position\":4,\"name\":\"Protex CBL\"}]},{\"@type\":\"WebSite\",\"@id\":\"https:\\\/\\\/polydeck.com\\\/#website\",\"url\":\"https:\\\/\\\/polydeck.com\\\/\",\"name\":\"Polydeck\",\"description\":\"Modular Synthetic Screen Media\",\"potentialAction\":[{\"@type\":\"SearchAction\",\"target\":{\"@type\":\"EntryPoint\",\"urlTemplate\":\"https:\\\/\\\/polydeck.com\\\/?s={search_term_string}\"},\"query-input\":{\"@type\":\"PropertyValueSpecification\",\"valueRequired\":true,\"valueName\":\"search_term_string\"}}],\"inLanguage\":\"es-CL\"}]}<\/script>\n<!-- \/ Yoast SEO plugin. -->","yoast_head_json":{"title":"Productos de protecci\u00f3n: Protex CBL | Polydeck","description":"Nuestros revestimientos para cintas transportadoras protegen los laterales de la cinta de cargas elevadas y evitan la p\u00e9rdida de material. Disponibles en tama\u00f1os y \u00e1ngulos personalizados.","robots":{"index":"index","follow":"follow","max-snippet":"max-snippet:-1","max-image-preview":"max-image-preview:large","max-video-preview":"max-video-preview:-1"},"canonical":"https:\/\/polydeck.com\/es\/products\/protex\/protex-cbl\/","og_locale":"es_ES","og_type":"article","og_title":"Protective Products: Protex CBL | Polydeck","og_description":"Our Conveyor Belt Liners provide heavy-duty protection for belt sides from high loads and prevent material loss. Custom sizing and angle fit available.","og_url":"https:\/\/polydeck.com\/es\/products\/protex\/protex-cbl\/","og_site_name":"Polydeck","article_modified_time":"2026-02-18T21:39:07+00:00","twitter_card":"summary_large_image","schema":{"@context":"https:\/\/schema.org","@graph":[{"@type":"WebPage","@id":"https:\/\/polydeck.com\/products\/protex\/protex-cbl\/","url":"https:\/\/polydeck.com\/products\/protex\/protex-cbl\/","name":"Productos de protecci\u00f3n: Protex CBL | Polydeck","isPartOf":{"@id":"https:\/\/polydeck.com\/#website"},"datePublished":"2025-01-20T21:21:32+00:00","dateModified":"2026-02-18T21:39:07+00:00","description":"Nuestros revestimientos para cintas transportadoras protegen los laterales de la cinta de cargas elevadas y evitan la p\u00e9rdida de material. Disponibles en tama\u00f1os y \u00e1ngulos personalizados.","breadcrumb":{"@id":"https:\/\/polydeck.com\/products\/protex\/protex-cbl\/#breadcrumb"},"inLanguage":"es-CL","potentialAction":[{"@type":"ReadAction","target":["https:\/\/polydeck.com\/products\/protex\/protex-cbl\/"]}]},{"@type":"BreadcrumbList","@id":"https:\/\/polydeck.com\/products\/protex\/protex-cbl\/#breadcrumb","itemListElement":[{"@type":"ListItem","position":1,"name":"Home","item":"https:\/\/polydeck.com\/"},{"@type":"ListItem","position":2,"name":"Our Products","item":"https:\/\/polydeck.com\/products\/"},{"@type":"ListItem","position":3,"name":"Protective Products","item":"https:\/\/polydeck.com\/products\/protex\/"},{"@type":"ListItem","position":4,"name":"Protex CBL"}]},{"@type":"WebSite","@id":"https:\/\/polydeck.com\/#website","url":"https:\/\/polydeck.com\/","name":"Polydeck","description":"Medios de pantalla sint\u00e9ticos modulares","potentialAction":[{"@type":"SearchAction","target":{"@type":"EntryPoint","urlTemplate":"https:\/\/polydeck.com\/?s={search_term_string}"},"query-input":{"@type":"PropertyValueSpecification","valueRequired":true,"valueName":"search_term_string"}}],"inLanguage":"es-CL"}]}},"_links":{"self":[{"href":"https:\/\/polydeck.com\/es\/wp-json\/wp\/v2\/pages\/9517","targetHints":{"allow":["GET"]}}],"collection":[{"href":"https:\/\/polydeck.com\/es\/wp-json\/wp\/v2\/pages"}],"about":[{"href":"https:\/\/polydeck.com\/es\/wp-json\/wp\/v2\/types\/page"}],"author":[{"embeddable":true,"href":"https:\/\/polydeck.com\/es\/wp-json\/wp\/v2\/users\/1"}],"replies":[{"embeddable":true,"href":"https:\/\/polydeck.com\/es\/wp-json\/wp\/v2\/comments?post=9517"}],"version-history":[{"count":0,"href":"https:\/\/polydeck.com\/es\/wp-json\/wp\/v2\/pages\/9517\/revisions"}],"up":[{"embeddable":true,"href":"https:\/\/polydeck.com\/es\/wp-json\/wp\/v2\/pages\/9485"}],"wp:attachment":[{"href":"https:\/\/polydeck.com\/es\/wp-json\/wp\/v2\/media?parent=9517"}],"curies":[{"name":"wp","href":"https:\/\/api.w.org\/{rel}","templated":true}]}}