{"id":9526,"date":"2025-01-20T21:50:46","date_gmt":"2025-01-20T21:50:46","guid":{"rendered":"https:\/\/polydeck.com\/?page_id=9526"},"modified":"2025-01-20T21:50:46","modified_gmt":"2025-01-20T21:50:46","slug":"protop-trommel","status":"publish","type":"page","link":"https:\/\/polydeck.com\/es\/products\/trommels\/protop-trommel\/","title":{"rendered":"Trommel PROTOP"},"content":{"rendered":"","protected":false},"excerpt":{"rendered":"","protected":false},"author":1,"featured_media":0,"parent":9486,"menu_order":0,"comment_status":"closed","ping_status":"closed","template":"","meta":{"footnotes":""},"class_list":["post-9526","page","type-page","status-publish","hentry"],"yoast_head":"<!-- This site is optimized with the Yoast SEO plugin v27.5 - https:\/\/yoast.com\/product\/yoast-seo-wordpress\/ -->\n<title>Trommels: PROPTOP | Polydeck<\/title>\n<meta name=\"description\" content=\"PROTOP Trommels come in various sizes, featuring durable panels and stringers for secure fastening, long-lasting performance, and extended wear life.\" \/>\n<meta name=\"robots\" content=\"index, follow, max-snippet:-1, max-image-preview:large, max-video-preview:-1\" \/>\n<link rel=\"canonical\" href=\"https:\/\/polydeck.com\/es\/products\/trommels\/protop-trommel\/\" \/>\n<meta property=\"og:locale\" content=\"es_ES\" \/>\n<meta property=\"og:type\" content=\"article\" \/>\n<meta property=\"og:title\" content=\"Trommels: PROPTOP | Polydeck\" \/>\n<meta property=\"og:description\" content=\"PROTOP Trommels come in various sizes, featuring durable panels and stringers for secure fastening, long-lasting performance, and extended wear life.\" \/>\n<meta property=\"og:url\" content=\"https:\/\/polydeck.com\/es\/products\/trommels\/protop-trommel\/\" \/>\n<meta property=\"og:site_name\" content=\"Polydeck\" \/>\n<meta name=\"twitter:card\" content=\"summary_large_image\" \/>\n<script type=\"application\/ld+json\" class=\"yoast-schema-graph\">{\"@context\":\"https:\\\/\\\/schema.org\",\"@graph\":[{\"@type\":\"WebPage\",\"@id\":\"https:\\\/\\\/polydeck.com\\\/products\\\/trommels\\\/protop-trommel\\\/\",\"url\":\"https:\\\/\\\/polydeck.com\\\/products\\\/trommels\\\/protop-trommel\\\/\",\"name\":\"Trommels: PROPTOP | Polydeck\",\"isPartOf\":{\"@id\":\"https:\\\/\\\/polydeck.com\\\/#website\"},\"datePublished\":\"2025-01-20T21:50:46+00:00\",\"description\":\"PROTOP Trommels come in various sizes, featuring durable panels and stringers for secure fastening, long-lasting performance, and extended wear life.\",\"breadcrumb\":{\"@id\":\"https:\\\/\\\/polydeck.com\\\/products\\\/trommels\\\/protop-trommel\\\/#breadcrumb\"},\"inLanguage\":\"es-CL\",\"potentialAction\":[{\"@type\":\"ReadAction\",\"target\":[\"https:\\\/\\\/polydeck.com\\\/products\\\/trommels\\\/protop-trommel\\\/\"]}]},{\"@type\":\"BreadcrumbList\",\"@id\":\"https:\\\/\\\/polydeck.com\\\/products\\\/trommels\\\/protop-trommel\\\/#breadcrumb\",\"itemListElement\":[{\"@type\":\"ListItem\",\"position\":1,\"name\":\"Home\",\"item\":\"https:\\\/\\\/polydeck.com\\\/\"},{\"@type\":\"ListItem\",\"position\":2,\"name\":\"Our Products\",\"item\":\"https:\\\/\\\/polydeck.com\\\/products\\\/\"},{\"@type\":\"ListItem\",\"position\":3,\"name\":\"Trommels\",\"item\":\"https:\\\/\\\/polydeck.com\\\/products\\\/trommels\\\/\"},{\"@type\":\"ListItem\",\"position\":4,\"name\":\"PROTOP Trommel\"}]},{\"@type\":\"WebSite\",\"@id\":\"https:\\\/\\\/polydeck.com\\\/#website\",\"url\":\"https:\\\/\\\/polydeck.com\\\/\",\"name\":\"Polydeck\",\"description\":\"Modular Synthetic Screen Media\",\"potentialAction\":[{\"@type\":\"SearchAction\",\"target\":{\"@type\":\"EntryPoint\",\"urlTemplate\":\"https:\\\/\\\/polydeck.com\\\/?s={search_term_string}\"},\"query-input\":{\"@type\":\"PropertyValueSpecification\",\"valueRequired\":true,\"valueName\":\"search_term_string\"}}],\"inLanguage\":\"es-CL\"}]}<\/script>\n<!-- \/ Yoast SEO plugin. -->","yoast_head_json":{"title":"Trommels: PROPTOP | Polydeck","description":"Los Trommels PROTOP vienen en varios tama\u00f1os, con paneles y largueros duraderos para una fijaci\u00f3n segura, un rendimiento duradero y una mayor vida \u00fatil.","robots":{"index":"index","follow":"follow","max-snippet":"max-snippet:-1","max-image-preview":"max-image-preview:large","max-video-preview":"max-video-preview:-1"},"canonical":"https:\/\/polydeck.com\/es\/products\/trommels\/protop-trommel\/","og_locale":"es_ES","og_type":"article","og_title":"Trommels: PROPTOP | Polydeck","og_description":"PROTOP Trommels come in various sizes, featuring durable panels and stringers for secure fastening, long-lasting performance, and extended wear life.","og_url":"https:\/\/polydeck.com\/es\/products\/trommels\/protop-trommel\/","og_site_name":"Polydeck","twitter_card":"summary_large_image","schema":{"@context":"https:\/\/schema.org","@graph":[{"@type":"WebPage","@id":"https:\/\/polydeck.com\/products\/trommels\/protop-trommel\/","url":"https:\/\/polydeck.com\/products\/trommels\/protop-trommel\/","name":"Trommels: PROPTOP | Polydeck","isPartOf":{"@id":"https:\/\/polydeck.com\/#website"},"datePublished":"2025-01-20T21:50:46+00:00","description":"Los Trommels PROTOP vienen en varios tama\u00f1os, con paneles y largueros duraderos para una fijaci\u00f3n segura, un rendimiento duradero y una mayor vida \u00fatil.","breadcrumb":{"@id":"https:\/\/polydeck.com\/products\/trommels\/protop-trommel\/#breadcrumb"},"inLanguage":"es-CL","potentialAction":[{"@type":"ReadAction","target":["https:\/\/polydeck.com\/products\/trommels\/protop-trommel\/"]}]},{"@type":"BreadcrumbList","@id":"https:\/\/polydeck.com\/products\/trommels\/protop-trommel\/#breadcrumb","itemListElement":[{"@type":"ListItem","position":1,"name":"Home","item":"https:\/\/polydeck.com\/"},{"@type":"ListItem","position":2,"name":"Our Products","item":"https:\/\/polydeck.com\/products\/"},{"@type":"ListItem","position":3,"name":"Trommels","item":"https:\/\/polydeck.com\/products\/trommels\/"},{"@type":"ListItem","position":4,"name":"PROTOP Trommel"}]},{"@type":"WebSite","@id":"https:\/\/polydeck.com\/#website","url":"https:\/\/polydeck.com\/","name":"Polydeck","description":"Medios de pantalla sint\u00e9ticos modulares","potentialAction":[{"@type":"SearchAction","target":{"@type":"EntryPoint","urlTemplate":"https:\/\/polydeck.com\/?s={search_term_string}"},"query-input":{"@type":"PropertyValueSpecification","valueRequired":true,"valueName":"search_term_string"}}],"inLanguage":"es-CL"}]}},"_links":{"self":[{"href":"https:\/\/polydeck.com\/es\/wp-json\/wp\/v2\/pages\/9526","targetHints":{"allow":["GET"]}}],"collection":[{"href":"https:\/\/polydeck.com\/es\/wp-json\/wp\/v2\/pages"}],"about":[{"href":"https:\/\/polydeck.com\/es\/wp-json\/wp\/v2\/types\/page"}],"author":[{"embeddable":true,"href":"https:\/\/polydeck.com\/es\/wp-json\/wp\/v2\/users\/1"}],"replies":[{"embeddable":true,"href":"https:\/\/polydeck.com\/es\/wp-json\/wp\/v2\/comments?post=9526"}],"version-history":[{"count":0,"href":"https:\/\/polydeck.com\/es\/wp-json\/wp\/v2\/pages\/9526\/revisions"}],"up":[{"embeddable":true,"href":"https:\/\/polydeck.com\/es\/wp-json\/wp\/v2\/pages\/9486"}],"wp:attachment":[{"href":"https:\/\/polydeck.com\/es\/wp-json\/wp\/v2\/media?parent=9526"}],"curies":[{"name":"wp","href":"https:\/\/api.w.org\/{rel}","templated":true}]}}