{"id":9986,"date":"2025-03-10T18:02:55","date_gmt":"2025-03-10T18:02:55","guid":{"rendered":"https:\/\/polydeck.com\/?page_id=9986"},"modified":"2025-04-28T16:48:26","modified_gmt":"2025-04-28T16:48:26","slug":"employee-portal","status":"publish","type":"page","link":"https:\/\/polydeck.com\/es\/employee-portal\/","title":{"rendered":"Portal del empleado"},"content":{"rendered":"","protected":false},"excerpt":{"rendered":"","protected":false},"author":2,"featured_media":0,"parent":0,"menu_order":0,"comment_status":"closed","ping_status":"closed","template":"","meta":{"footnotes":""},"class_list":["post-9986","page","type-page","status-publish","hentry"],"yoast_head":"<!-- This site is optimized with the Yoast SEO plugin v27.4 - https:\/\/yoast.com\/product\/yoast-seo-wordpress\/ -->\n<title>Our Products: Screen Media &amp; Accessories | Polydeck<\/title>\n<meta name=\"description\" content=\"Backed by decades of innovation and experience, Polydeck products are designed to meet your toughest application challenges. Browse our product offerings.\" \/>\n<meta name=\"robots\" content=\"index, follow, max-snippet:-1, max-image-preview:large, max-video-preview:-1\" \/>\n<link rel=\"canonical\" href=\"https:\/\/polydeck.com\/es\/employee-portal\/\" \/>\n<meta property=\"og:locale\" content=\"es_ES\" \/>\n<meta property=\"og:type\" content=\"article\" \/>\n<meta property=\"og:title\" content=\"Our Products: Screen Media &amp; Accessories | Polydeck\" \/>\n<meta property=\"og:description\" content=\"Backed by decades of innovation and experience, Polydeck products are designed to meet your toughest application challenges. Browse our product offerings.\" \/>\n<meta property=\"og:url\" content=\"https:\/\/polydeck.com\/es\/employee-portal\/\" \/>\n<meta property=\"og:site_name\" content=\"Polydeck\" \/>\n<meta property=\"article:modified_time\" content=\"2025-04-28T16:48:26+00:00\" \/>\n<meta name=\"twitter:card\" content=\"summary_large_image\" \/>\n<script type=\"application\/ld+json\" class=\"yoast-schema-graph\">{\"@context\":\"https:\\\/\\\/schema.org\",\"@graph\":[{\"@type\":\"WebPage\",\"@id\":\"https:\\\/\\\/polydeck.com\\\/employee-portal\\\/\",\"url\":\"https:\\\/\\\/polydeck.com\\\/employee-portal\\\/\",\"name\":\"Our Products: Screen Media & Accessories | Polydeck\",\"isPartOf\":{\"@id\":\"https:\\\/\\\/polydeck.com\\\/#website\"},\"datePublished\":\"2025-03-10T18:02:55+00:00\",\"dateModified\":\"2025-04-28T16:48:26+00:00\",\"description\":\"Backed by decades of innovation and experience, Polydeck products are designed to meet your toughest application challenges. Browse our product offerings.\",\"breadcrumb\":{\"@id\":\"https:\\\/\\\/polydeck.com\\\/employee-portal\\\/#breadcrumb\"},\"inLanguage\":\"es-CL\",\"potentialAction\":[{\"@type\":\"ReadAction\",\"target\":[\"https:\\\/\\\/polydeck.com\\\/employee-portal\\\/\"]}]},{\"@type\":\"BreadcrumbList\",\"@id\":\"https:\\\/\\\/polydeck.com\\\/employee-portal\\\/#breadcrumb\",\"itemListElement\":[{\"@type\":\"ListItem\",\"position\":1,\"name\":\"Home\",\"item\":\"https:\\\/\\\/polydeck.com\\\/\"},{\"@type\":\"ListItem\",\"position\":2,\"name\":\"Employee Portal\"}]},{\"@type\":\"WebSite\",\"@id\":\"https:\\\/\\\/polydeck.com\\\/#website\",\"url\":\"https:\\\/\\\/polydeck.com\\\/\",\"name\":\"Polydeck\",\"description\":\"Modular Synthetic Screen Media\",\"potentialAction\":[{\"@type\":\"SearchAction\",\"target\":{\"@type\":\"EntryPoint\",\"urlTemplate\":\"https:\\\/\\\/polydeck.com\\\/?s={search_term_string}\"},\"query-input\":{\"@type\":\"PropertyValueSpecification\",\"valueRequired\":true,\"valueName\":\"search_term_string\"}}],\"inLanguage\":\"es-CL\"}]}<\/script>\n<!-- \/ Yoast SEO plugin. -->","yoast_head_json":{"title":"Nuestros productos: Soportes de pantalla y accesorios | Polydeck","description":"Respaldados por d\u00e9cadas de innovaci\u00f3n y experiencia, los productos Polydeck est\u00e1n dise\u00f1ados para responder a los retos de aplicaci\u00f3n m\u00e1s exigentes. Consulte nuestra oferta de productos.","robots":{"index":"index","follow":"follow","max-snippet":"max-snippet:-1","max-image-preview":"max-image-preview:large","max-video-preview":"max-video-preview:-1"},"canonical":"https:\/\/polydeck.com\/es\/employee-portal\/","og_locale":"es_ES","og_type":"article","og_title":"Our Products: Screen Media & Accessories | Polydeck","og_description":"Backed by decades of innovation and experience, Polydeck products are designed to meet your toughest application challenges. Browse our product offerings.","og_url":"https:\/\/polydeck.com\/es\/employee-portal\/","og_site_name":"Polydeck","article_modified_time":"2025-04-28T16:48:26+00:00","twitter_card":"summary_large_image","schema":{"@context":"https:\/\/schema.org","@graph":[{"@type":"WebPage","@id":"https:\/\/polydeck.com\/employee-portal\/","url":"https:\/\/polydeck.com\/employee-portal\/","name":"Nuestros productos: Soportes de pantalla y accesorios | Polydeck","isPartOf":{"@id":"https:\/\/polydeck.com\/#website"},"datePublished":"2025-03-10T18:02:55+00:00","dateModified":"2025-04-28T16:48:26+00:00","description":"Respaldados por d\u00e9cadas de innovaci\u00f3n y experiencia, los productos Polydeck est\u00e1n dise\u00f1ados para responder a los retos de aplicaci\u00f3n m\u00e1s exigentes. Consulte nuestra oferta de productos.","breadcrumb":{"@id":"https:\/\/polydeck.com\/employee-portal\/#breadcrumb"},"inLanguage":"es-CL","potentialAction":[{"@type":"ReadAction","target":["https:\/\/polydeck.com\/employee-portal\/"]}]},{"@type":"BreadcrumbList","@id":"https:\/\/polydeck.com\/employee-portal\/#breadcrumb","itemListElement":[{"@type":"ListItem","position":1,"name":"Home","item":"https:\/\/polydeck.com\/"},{"@type":"ListItem","position":2,"name":"Employee Portal"}]},{"@type":"WebSite","@id":"https:\/\/polydeck.com\/#website","url":"https:\/\/polydeck.com\/","name":"Polydeck","description":"Medios de pantalla sint\u00e9ticos modulares","potentialAction":[{"@type":"SearchAction","target":{"@type":"EntryPoint","urlTemplate":"https:\/\/polydeck.com\/?s={search_term_string}"},"query-input":{"@type":"PropertyValueSpecification","valueRequired":true,"valueName":"search_term_string"}}],"inLanguage":"es-CL"}]}},"_links":{"self":[{"href":"https:\/\/polydeck.com\/es\/wp-json\/wp\/v2\/pages\/9986","targetHints":{"allow":["GET"]}}],"collection":[{"href":"https:\/\/polydeck.com\/es\/wp-json\/wp\/v2\/pages"}],"about":[{"href":"https:\/\/polydeck.com\/es\/wp-json\/wp\/v2\/types\/page"}],"author":[{"embeddable":true,"href":"https:\/\/polydeck.com\/es\/wp-json\/wp\/v2\/users\/2"}],"replies":[{"embeddable":true,"href":"https:\/\/polydeck.com\/es\/wp-json\/wp\/v2\/comments?post=9986"}],"version-history":[{"count":0,"href":"https:\/\/polydeck.com\/es\/wp-json\/wp\/v2\/pages\/9986\/revisions"}],"wp:attachment":[{"href":"https:\/\/polydeck.com\/es\/wp-json\/wp\/v2\/media?parent=9986"}],"curies":[{"name":"wp","href":"https:\/\/api.w.org\/{rel}","templated":true}]}}