{"id":407,"date":"2024-07-05T17:03:10","date_gmt":"2024-07-05T17:03:10","guid":{"rendered":"https:\/\/polydeck.com\/?page_id=407"},"modified":"2025-05-09T15:46:14","modified_gmt":"2025-05-09T15:46:14","slug":"plant-survey","status":"publish","type":"page","link":"https:\/\/polydeck.com\/pt\/our-services\/plant-survey\/","title":{"rendered":"Levantamento de plantas"},"content":{"rendered":"","protected":false},"excerpt":{"rendered":"","protected":false},"author":1,"featured_media":-1,"parent":406,"menu_order":0,"comment_status":"closed","ping_status":"closed","template":"","meta":{"footnotes":""},"class_list":["post-407","page","type-page","status-publish","has-post-thumbnail","hentry"],"yoast_head":"<!-- This site is optimized with the Yoast SEO plugin v27.4 - https:\/\/yoast.com\/product\/yoast-seo-wordpress\/ -->\n<title>Plant Survey | Polydeck<\/title>\n<meta name=\"description\" content=\"A plant survey can optimize screening operations. Detect issues, ensure safety, extend deck life, and enhance efficiency with expert insights &amp; solutions.\" \/>\n<meta name=\"robots\" content=\"index, follow, max-snippet:-1, max-image-preview:large, max-video-preview:-1\" \/>\n<link rel=\"canonical\" href=\"https:\/\/polydeck.com\/pt\/our-services\/plant-survey\/\" \/>\n<meta property=\"og:locale\" content=\"pt_BR\" \/>\n<meta property=\"og:type\" content=\"article\" \/>\n<meta property=\"og:title\" content=\"Plant Survey | Polydeck\" \/>\n<meta property=\"og:description\" content=\"A plant survey can optimize screening operations. Detect issues, ensure safety, extend deck life, and enhance efficiency with expert insights &amp; solutions.\" \/>\n<meta property=\"og:url\" content=\"https:\/\/polydeck.com\/pt\/our-services\/plant-survey\/\" \/>\n<meta property=\"og:site_name\" content=\"Polydeck\" \/>\n<meta property=\"article:modified_time\" content=\"2025-05-09T15:46:14+00:00\" \/>\n<meta name=\"twitter:card\" content=\"summary_large_image\" \/>\n<script type=\"application\/ld+json\" class=\"yoast-schema-graph\">{\"@context\":\"https:\\\/\\\/schema.org\",\"@graph\":[{\"@type\":\"WebPage\",\"@id\":\"https:\\\/\\\/polydeck.com\\\/our-services\\\/plant-survey\\\/\",\"url\":\"https:\\\/\\\/polydeck.com\\\/our-services\\\/plant-survey\\\/\",\"name\":\"Plant Survey | Polydeck\",\"isPartOf\":{\"@id\":\"https:\\\/\\\/polydeck.com\\\/#website\"},\"datePublished\":\"2024-07-05T17:03:10+00:00\",\"dateModified\":\"2025-05-09T15:46:14+00:00\",\"description\":\"A plant survey can optimize screening operations. Detect issues, ensure safety, extend deck life, and enhance efficiency with expert insights & solutions.\",\"breadcrumb\":{\"@id\":\"https:\\\/\\\/polydeck.com\\\/our-services\\\/plant-survey\\\/#breadcrumb\"},\"inLanguage\":\"pt-BR\",\"potentialAction\":[{\"@type\":\"ReadAction\",\"target\":[\"https:\\\/\\\/polydeck.com\\\/our-services\\\/plant-survey\\\/\"]}]},{\"@type\":\"BreadcrumbList\",\"@id\":\"https:\\\/\\\/polydeck.com\\\/our-services\\\/plant-survey\\\/#breadcrumb\",\"itemListElement\":[{\"@type\":\"ListItem\",\"position\":1,\"name\":\"Home\",\"item\":\"https:\\\/\\\/polydeck.com\\\/\"},{\"@type\":\"ListItem\",\"position\":2,\"name\":\"Our Services\",\"item\":\"https:\\\/\\\/polydeck.com\\\/our-services\\\/\"},{\"@type\":\"ListItem\",\"position\":3,\"name\":\"Plant Survey\"}]},{\"@type\":\"WebSite\",\"@id\":\"https:\\\/\\\/polydeck.com\\\/#website\",\"url\":\"https:\\\/\\\/polydeck.com\\\/\",\"name\":\"Polydeck\",\"description\":\"Modular Synthetic Screen Media\",\"potentialAction\":[{\"@type\":\"SearchAction\",\"target\":{\"@type\":\"EntryPoint\",\"urlTemplate\":\"https:\\\/\\\/polydeck.com\\\/?s={search_term_string}\"},\"query-input\":{\"@type\":\"PropertyValueSpecification\",\"valueRequired\":true,\"valueName\":\"search_term_string\"}}],\"inLanguage\":\"pt-BR\"}]}<\/script>\n<!-- \/ Yoast SEO plugin. -->","yoast_head_json":{"title":"Pesquisa de plantas | Polydeck","description":"Um levantamento da planta pode otimizar as opera\u00e7\u00f5es de peneiramento. Detecte problemas, garanta a seguran\u00e7a, estenda a vida \u00fatil do deck e aumente a efici\u00eancia com percep\u00e7\u00f5es e solu\u00e7\u00f5es especializadas.","robots":{"index":"index","follow":"follow","max-snippet":"max-snippet:-1","max-image-preview":"max-image-preview:large","max-video-preview":"max-video-preview:-1"},"canonical":"https:\/\/polydeck.com\/pt\/our-services\/plant-survey\/","og_locale":"pt_BR","og_type":"article","og_title":"Plant Survey | Polydeck","og_description":"A plant survey can optimize screening operations. Detect issues, ensure safety, extend deck life, and enhance efficiency with expert insights & solutions.","og_url":"https:\/\/polydeck.com\/pt\/our-services\/plant-survey\/","og_site_name":"Polydeck","article_modified_time":"2025-05-09T15:46:14+00:00","twitter_card":"summary_large_image","schema":{"@context":"https:\/\/schema.org","@graph":[{"@type":"WebPage","@id":"https:\/\/polydeck.com\/our-services\/plant-survey\/","url":"https:\/\/polydeck.com\/our-services\/plant-survey\/","name":"Pesquisa de plantas | Polydeck","isPartOf":{"@id":"https:\/\/polydeck.com\/#website"},"datePublished":"2024-07-05T17:03:10+00:00","dateModified":"2025-05-09T15:46:14+00:00","description":"Um levantamento da planta pode otimizar as opera\u00e7\u00f5es de peneiramento. Detecte problemas, garanta a seguran\u00e7a, estenda a vida \u00fatil do deck e aumente a efici\u00eancia com percep\u00e7\u00f5es e solu\u00e7\u00f5es especializadas.","breadcrumb":{"@id":"https:\/\/polydeck.com\/our-services\/plant-survey\/#breadcrumb"},"inLanguage":"pt-BR","potentialAction":[{"@type":"ReadAction","target":["https:\/\/polydeck.com\/our-services\/plant-survey\/"]}]},{"@type":"BreadcrumbList","@id":"https:\/\/polydeck.com\/our-services\/plant-survey\/#breadcrumb","itemListElement":[{"@type":"ListItem","position":1,"name":"Home","item":"https:\/\/polydeck.com\/"},{"@type":"ListItem","position":2,"name":"Our Services","item":"https:\/\/polydeck.com\/our-services\/"},{"@type":"ListItem","position":3,"name":"Plant Survey"}]},{"@type":"WebSite","@id":"https:\/\/polydeck.com\/#website","url":"https:\/\/polydeck.com\/","name":"Polydeck","description":"M\u00eddia de tela sint\u00e9tica modular","potentialAction":[{"@type":"SearchAction","target":{"@type":"EntryPoint","urlTemplate":"https:\/\/polydeck.com\/?s={search_term_string}"},"query-input":{"@type":"PropertyValueSpecification","valueRequired":true,"valueName":"search_term_string"}}],"inLanguage":"pt-BR"}]}},"_links":{"self":[{"href":"https:\/\/polydeck.com\/pt\/wp-json\/wp\/v2\/pages\/407","targetHints":{"allow":["GET"]}}],"collection":[{"href":"https:\/\/polydeck.com\/pt\/wp-json\/wp\/v2\/pages"}],"about":[{"href":"https:\/\/polydeck.com\/pt\/wp-json\/wp\/v2\/types\/page"}],"author":[{"embeddable":true,"href":"https:\/\/polydeck.com\/pt\/wp-json\/wp\/v2\/users\/1"}],"replies":[{"embeddable":true,"href":"https:\/\/polydeck.com\/pt\/wp-json\/wp\/v2\/comments?post=407"}],"version-history":[{"count":0,"href":"https:\/\/polydeck.com\/pt\/wp-json\/wp\/v2\/pages\/407\/revisions"}],"up":[{"embeddable":true,"href":"https:\/\/polydeck.com\/pt\/wp-json\/wp\/v2\/pages\/406"}],"wp:featuredmedia":[{"embeddable":true,"href":"https:\/\/polydeck.com\/pt\/wp-json\/"}],"wp:attachment":[{"href":"https:\/\/polydeck.com\/pt\/wp-json\/wp\/v2\/media?parent=407"}],"curies":[{"name":"wp","href":"https:\/\/api.w.org\/{rel}","templated":true}]}}