{"id":420,"date":"2024-07-05T17:17:41","date_gmt":"2024-07-05T17:17:41","guid":{"rendered":"https:\/\/polydeck.com\/?page_id=420"},"modified":"2026-02-18T21:50:07","modified_gmt":"2026-02-18T21:50:07","slug":"downloads","status":"publish","type":"page","link":"https:\/\/polydeck.com\/pt\/downloads\/","title":{"rendered":"Downloads"},"content":{"rendered":"","protected":false},"excerpt":{"rendered":"","protected":false},"author":1,"featured_media":0,"parent":0,"menu_order":0,"comment_status":"closed","ping_status":"closed","template":"","meta":{"footnotes":""},"class_list":["post-420","page","type-page","status-publish","hentry"],"yoast_head":"<!-- This site is optimized with the Yoast SEO plugin v27.4 - https:\/\/yoast.com\/product\/yoast-seo-wordpress\/ -->\n<title>Downloads | Polydeck<\/title>\n<meta name=\"description\" content=\"Download valuable resources to keep handy and accessible anytime: Our screening products\u2019 catalogs, info sheets, charts, guides, MSDS, and more.\" \/>\n<meta name=\"robots\" content=\"index, follow, max-snippet:-1, max-image-preview:large, max-video-preview:-1\" \/>\n<link rel=\"canonical\" href=\"https:\/\/polydeck.com\/pt\/downloads\/\" \/>\n<meta property=\"og:locale\" content=\"pt_BR\" \/>\n<meta property=\"og:type\" content=\"article\" \/>\n<meta property=\"og:title\" content=\"Downloads | Polydeck\" \/>\n<meta property=\"og:description\" content=\"Download valuable resources to keep handy and accessible anytime: Our screening products\u2019 catalogs, info sheets, charts, guides, MSDS, and more.\" \/>\n<meta property=\"og:url\" content=\"https:\/\/polydeck.com\/pt\/downloads\/\" \/>\n<meta property=\"og:site_name\" content=\"Polydeck\" \/>\n<meta property=\"article:modified_time\" content=\"2026-02-18T21:50:07+00:00\" \/>\n<meta name=\"twitter:card\" content=\"summary_large_image\" \/>\n<script type=\"application\/ld+json\" class=\"yoast-schema-graph\">{\"@context\":\"https:\\\/\\\/schema.org\",\"@graph\":[{\"@type\":\"WebPage\",\"@id\":\"https:\\\/\\\/polydeck.com\\\/downloads\\\/\",\"url\":\"https:\\\/\\\/polydeck.com\\\/downloads\\\/\",\"name\":\"Downloads | Polydeck\",\"isPartOf\":{\"@id\":\"https:\\\/\\\/polydeck.com\\\/#website\"},\"datePublished\":\"2024-07-05T17:17:41+00:00\",\"dateModified\":\"2026-02-18T21:50:07+00:00\",\"description\":\"Download valuable resources to keep handy and accessible anytime: Our screening products\u2019 catalogs, info sheets, charts, guides, MSDS, and more.\",\"breadcrumb\":{\"@id\":\"https:\\\/\\\/polydeck.com\\\/downloads\\\/#breadcrumb\"},\"inLanguage\":\"pt-BR\",\"potentialAction\":[{\"@type\":\"ReadAction\",\"target\":[\"https:\\\/\\\/polydeck.com\\\/downloads\\\/\"]}]},{\"@type\":\"BreadcrumbList\",\"@id\":\"https:\\\/\\\/polydeck.com\\\/downloads\\\/#breadcrumb\",\"itemListElement\":[{\"@type\":\"ListItem\",\"position\":1,\"name\":\"Home\",\"item\":\"https:\\\/\\\/polydeck.com\\\/\"},{\"@type\":\"ListItem\",\"position\":2,\"name\":\"Downloads\"}]},{\"@type\":\"WebSite\",\"@id\":\"https:\\\/\\\/polydeck.com\\\/#website\",\"url\":\"https:\\\/\\\/polydeck.com\\\/\",\"name\":\"Polydeck\",\"description\":\"Modular Synthetic Screen Media\",\"potentialAction\":[{\"@type\":\"SearchAction\",\"target\":{\"@type\":\"EntryPoint\",\"urlTemplate\":\"https:\\\/\\\/polydeck.com\\\/?s={search_term_string}\"},\"query-input\":{\"@type\":\"PropertyValueSpecification\",\"valueRequired\":true,\"valueName\":\"search_term_string\"}}],\"inLanguage\":\"pt-BR\"}]}<\/script>\n<!-- \/ Yoast SEO plugin. -->","yoast_head_json":{"title":"Downloads | Polydeck","description":"Fa\u00e7a o download de recursos valiosos para mant\u00ea-los \u00e0 m\u00e3o e acess\u00edveis a qualquer momento: Cat\u00e1logos de nossos produtos de triagem, fichas de informa\u00e7\u00f5es, gr\u00e1ficos, guias, MSDS e muito mais.","robots":{"index":"index","follow":"follow","max-snippet":"max-snippet:-1","max-image-preview":"max-image-preview:large","max-video-preview":"max-video-preview:-1"},"canonical":"https:\/\/polydeck.com\/pt\/downloads\/","og_locale":"pt_BR","og_type":"article","og_title":"Downloads | Polydeck","og_description":"Download valuable resources to keep handy and accessible anytime: Our screening products\u2019 catalogs, info sheets, charts, guides, MSDS, and more.","og_url":"https:\/\/polydeck.com\/pt\/downloads\/","og_site_name":"Polydeck","article_modified_time":"2026-02-18T21:50:07+00:00","twitter_card":"summary_large_image","schema":{"@context":"https:\/\/schema.org","@graph":[{"@type":"WebPage","@id":"https:\/\/polydeck.com\/downloads\/","url":"https:\/\/polydeck.com\/downloads\/","name":"Downloads | Polydeck","isPartOf":{"@id":"https:\/\/polydeck.com\/#website"},"datePublished":"2024-07-05T17:17:41+00:00","dateModified":"2026-02-18T21:50:07+00:00","description":"Fa\u00e7a o download de recursos valiosos para mant\u00ea-los \u00e0 m\u00e3o e acess\u00edveis a qualquer momento: Cat\u00e1logos de nossos produtos de triagem, fichas de informa\u00e7\u00f5es, gr\u00e1ficos, guias, MSDS e muito mais.","breadcrumb":{"@id":"https:\/\/polydeck.com\/downloads\/#breadcrumb"},"inLanguage":"pt-BR","potentialAction":[{"@type":"ReadAction","target":["https:\/\/polydeck.com\/downloads\/"]}]},{"@type":"BreadcrumbList","@id":"https:\/\/polydeck.com\/downloads\/#breadcrumb","itemListElement":[{"@type":"ListItem","position":1,"name":"Home","item":"https:\/\/polydeck.com\/"},{"@type":"ListItem","position":2,"name":"Downloads"}]},{"@type":"WebSite","@id":"https:\/\/polydeck.com\/#website","url":"https:\/\/polydeck.com\/","name":"Polydeck","description":"M\u00eddia de tela sint\u00e9tica modular","potentialAction":[{"@type":"SearchAction","target":{"@type":"EntryPoint","urlTemplate":"https:\/\/polydeck.com\/?s={search_term_string}"},"query-input":{"@type":"PropertyValueSpecification","valueRequired":true,"valueName":"search_term_string"}}],"inLanguage":"pt-BR"}]}},"_links":{"self":[{"href":"https:\/\/polydeck.com\/pt\/wp-json\/wp\/v2\/pages\/420","targetHints":{"allow":["GET"]}}],"collection":[{"href":"https:\/\/polydeck.com\/pt\/wp-json\/wp\/v2\/pages"}],"about":[{"href":"https:\/\/polydeck.com\/pt\/wp-json\/wp\/v2\/types\/page"}],"author":[{"embeddable":true,"href":"https:\/\/polydeck.com\/pt\/wp-json\/wp\/v2\/users\/1"}],"replies":[{"embeddable":true,"href":"https:\/\/polydeck.com\/pt\/wp-json\/wp\/v2\/comments?post=420"}],"version-history":[{"count":0,"href":"https:\/\/polydeck.com\/pt\/wp-json\/wp\/v2\/pages\/420\/revisions"}],"wp:attachment":[{"href":"https:\/\/polydeck.com\/pt\/wp-json\/wp\/v2\/media?parent=420"}],"curies":[{"name":"wp","href":"https:\/\/api.w.org\/{rel}","templated":true}]}}