{"id":422,"date":"2024-07-05T17:18:31","date_gmt":"2024-07-05T17:18:31","guid":{"rendered":"https:\/\/polydeck.com\/?page_id=422"},"modified":"2026-02-18T21:51:29","modified_gmt":"2026-02-18T21:51:29","slug":"info-sheets","status":"publish","type":"page","link":"https:\/\/polydeck.com\/pt\/downloads\/info-sheets\/","title":{"rendered":"Folhas de informa\u00e7\u00f5es"},"content":{"rendered":"","protected":false},"excerpt":{"rendered":"","protected":false},"author":1,"featured_media":0,"parent":420,"menu_order":0,"comment_status":"closed","ping_status":"closed","template":"","meta":{"footnotes":""},"class_list":["post-422","page","type-page","status-publish","hentry"],"yoast_head":"<!-- This site is optimized with the Yoast SEO plugin v27.6 - https:\/\/yoast.com\/product\/yoast-seo-wordpress\/ -->\n<title>Downloadable Info Sheets | Polydeck<\/title>\n<meta name=\"description\" content=\"Access and download our detailed info sheets to learn more about Polydeck\u2019s screening products, features, and benefits.\" \/>\n<meta name=\"robots\" content=\"index, follow, max-snippet:-1, max-image-preview:large, max-video-preview:-1\" \/>\n<link rel=\"canonical\" href=\"https:\/\/polydeck.com\/pt\/downloads\/info-sheets\/\" \/>\n<meta property=\"og:locale\" content=\"pt_BR\" \/>\n<meta property=\"og:type\" content=\"article\" \/>\n<meta property=\"og:title\" content=\"Downloadable Info Sheets | Polydeck\" \/>\n<meta property=\"og:description\" content=\"Access and download our detailed info sheets to learn more about Polydeck\u2019s screening products, features, and benefits.\" \/>\n<meta property=\"og:url\" content=\"https:\/\/polydeck.com\/pt\/downloads\/info-sheets\/\" \/>\n<meta property=\"og:site_name\" content=\"Polydeck\" \/>\n<meta property=\"article:modified_time\" content=\"2026-02-18T21:51:29+00:00\" \/>\n<meta name=\"twitter:card\" content=\"summary_large_image\" \/>\n<script type=\"application\/ld+json\" class=\"yoast-schema-graph\">{\"@context\":\"https:\\\/\\\/schema.org\",\"@graph\":[{\"@type\":\"WebPage\",\"@id\":\"https:\\\/\\\/polydeck.com\\\/downloads\\\/info-sheets\\\/\",\"url\":\"https:\\\/\\\/polydeck.com\\\/downloads\\\/info-sheets\\\/\",\"name\":\"Downloadable Info Sheets | Polydeck\",\"isPartOf\":{\"@id\":\"https:\\\/\\\/polydeck.com\\\/#website\"},\"datePublished\":\"2024-07-05T17:18:31+00:00\",\"dateModified\":\"2026-02-18T21:51:29+00:00\",\"description\":\"Access and download our detailed info sheets to learn more about Polydeck\u2019s screening products, features, and benefits.\",\"breadcrumb\":{\"@id\":\"https:\\\/\\\/polydeck.com\\\/downloads\\\/info-sheets\\\/#breadcrumb\"},\"inLanguage\":\"pt-BR\",\"potentialAction\":[{\"@type\":\"ReadAction\",\"target\":[\"https:\\\/\\\/polydeck.com\\\/downloads\\\/info-sheets\\\/\"]}]},{\"@type\":\"BreadcrumbList\",\"@id\":\"https:\\\/\\\/polydeck.com\\\/downloads\\\/info-sheets\\\/#breadcrumb\",\"itemListElement\":[{\"@type\":\"ListItem\",\"position\":1,\"name\":\"Home\",\"item\":\"https:\\\/\\\/polydeck.com\\\/\"},{\"@type\":\"ListItem\",\"position\":2,\"name\":\"Downloads\",\"item\":\"https:\\\/\\\/polydeck.com\\\/downloads\\\/\"},{\"@type\":\"ListItem\",\"position\":3,\"name\":\"Info Sheets\"}]},{\"@type\":\"WebSite\",\"@id\":\"https:\\\/\\\/polydeck.com\\\/#website\",\"url\":\"https:\\\/\\\/polydeck.com\\\/\",\"name\":\"Polydeck\",\"description\":\"Modular Synthetic Screen Media\",\"potentialAction\":[{\"@type\":\"SearchAction\",\"target\":{\"@type\":\"EntryPoint\",\"urlTemplate\":\"https:\\\/\\\/polydeck.com\\\/?s={search_term_string}\"},\"query-input\":{\"@type\":\"PropertyValueSpecification\",\"valueRequired\":true,\"valueName\":\"search_term_string\"}}],\"inLanguage\":\"pt-BR\"}]}<\/script>\n<!-- \/ Yoast SEO plugin. -->","yoast_head_json":{"title":"Folhas de informa\u00e7\u00f5es para download | Polydeck","description":"Acesse e fa\u00e7a o download de nossas fichas de informa\u00e7\u00f5es detalhadas para saber mais sobre os produtos de peneiramento, os recursos e os benef\u00edcios do Polydeck.","robots":{"index":"index","follow":"follow","max-snippet":"max-snippet:-1","max-image-preview":"max-image-preview:large","max-video-preview":"max-video-preview:-1"},"canonical":"https:\/\/polydeck.com\/pt\/downloads\/info-sheets\/","og_locale":"pt_BR","og_type":"article","og_title":"Downloadable Info Sheets | Polydeck","og_description":"Access and download our detailed info sheets to learn more about Polydeck\u2019s screening products, features, and benefits.","og_url":"https:\/\/polydeck.com\/pt\/downloads\/info-sheets\/","og_site_name":"Polydeck","article_modified_time":"2026-02-18T21:51:29+00:00","twitter_card":"summary_large_image","schema":{"@context":"https:\/\/schema.org","@graph":[{"@type":"WebPage","@id":"https:\/\/polydeck.com\/downloads\/info-sheets\/","url":"https:\/\/polydeck.com\/downloads\/info-sheets\/","name":"Folhas de informa\u00e7\u00f5es para download | Polydeck","isPartOf":{"@id":"https:\/\/polydeck.com\/#website"},"datePublished":"2024-07-05T17:18:31+00:00","dateModified":"2026-02-18T21:51:29+00:00","description":"Acesse e fa\u00e7a o download de nossas fichas de informa\u00e7\u00f5es detalhadas para saber mais sobre os produtos de peneiramento, os recursos e os benef\u00edcios do Polydeck.","breadcrumb":{"@id":"https:\/\/polydeck.com\/downloads\/info-sheets\/#breadcrumb"},"inLanguage":"pt-BR","potentialAction":[{"@type":"ReadAction","target":["https:\/\/polydeck.com\/downloads\/info-sheets\/"]}]},{"@type":"BreadcrumbList","@id":"https:\/\/polydeck.com\/downloads\/info-sheets\/#breadcrumb","itemListElement":[{"@type":"ListItem","position":1,"name":"Home","item":"https:\/\/polydeck.com\/"},{"@type":"ListItem","position":2,"name":"Downloads","item":"https:\/\/polydeck.com\/downloads\/"},{"@type":"ListItem","position":3,"name":"Info Sheets"}]},{"@type":"WebSite","@id":"https:\/\/polydeck.com\/#website","url":"https:\/\/polydeck.com\/","name":"Polydeck","description":"M\u00eddia de tela sint\u00e9tica modular","potentialAction":[{"@type":"SearchAction","target":{"@type":"EntryPoint","urlTemplate":"https:\/\/polydeck.com\/?s={search_term_string}"},"query-input":{"@type":"PropertyValueSpecification","valueRequired":true,"valueName":"search_term_string"}}],"inLanguage":"pt-BR"}]}},"_links":{"self":[{"href":"https:\/\/polydeck.com\/pt\/wp-json\/wp\/v2\/pages\/422","targetHints":{"allow":["GET"]}}],"collection":[{"href":"https:\/\/polydeck.com\/pt\/wp-json\/wp\/v2\/pages"}],"about":[{"href":"https:\/\/polydeck.com\/pt\/wp-json\/wp\/v2\/types\/page"}],"author":[{"embeddable":true,"href":"https:\/\/polydeck.com\/pt\/wp-json\/wp\/v2\/users\/1"}],"replies":[{"embeddable":true,"href":"https:\/\/polydeck.com\/pt\/wp-json\/wp\/v2\/comments?post=422"}],"version-history":[{"count":0,"href":"https:\/\/polydeck.com\/pt\/wp-json\/wp\/v2\/pages\/422\/revisions"}],"up":[{"embeddable":true,"href":"https:\/\/polydeck.com\/pt\/wp-json\/wp\/v2\/pages\/420"}],"wp:attachment":[{"href":"https:\/\/polydeck.com\/pt\/wp-json\/wp\/v2\/media?parent=422"}],"curies":[{"name":"wp","href":"https:\/\/api.w.org\/{rel}","templated":true}]}}