{"id":508,"date":"2024-08-01T17:42:55","date_gmt":"2024-08-01T17:42:55","guid":{"rendered":"https:\/\/polydeck.com\/?page_id=508"},"modified":"2026-01-22T15:50:05","modified_gmt":"2026-01-22T15:50:05","slug":"home-v2","status":"publish","type":"page","link":"https:\/\/polydeck.com\/pt\/","title":{"rendered":"In\u00edcio V2"},"content":{"rendered":"","protected":false},"excerpt":{"rendered":"","protected":false},"author":1,"featured_media":0,"parent":0,"menu_order":0,"comment_status":"closed","ping_status":"closed","template":"","meta":{"footnotes":""},"class_list":["post-508","page","type-page","status-publish","hentry"],"yoast_head":"<!-- This site is optimized with the Yoast SEO plugin v27.3 - https:\/\/yoast.com\/product\/yoast-seo-wordpress\/ -->\n<title>Polydeck: Screen Media Solutions that Make a Difference<\/title>\n<meta name=\"description\" content=\"We&#039;re Polydeck\u2014 Your partner for all things screening. Our job is to elevate your processes with more throughput, longer wear life, and greater efficiency.\" \/>\n<meta name=\"robots\" content=\"index, follow, max-snippet:-1, max-image-preview:large, max-video-preview:-1\" \/>\n<link rel=\"canonical\" href=\"https:\/\/polydeck.com\/pt\/\" \/>\n<meta property=\"og:locale\" content=\"pt_BR\" \/>\n<meta property=\"og:type\" content=\"article\" \/>\n<meta property=\"og:title\" content=\"Polydeck: Screen Media Solutions that Make a Difference\" \/>\n<meta property=\"og:description\" content=\"We&#039;re Polydeck\u2014 Your partner for all things screening. Our job is to elevate your processes with more throughput, longer wear life, and greater efficiency.\" \/>\n<meta property=\"og:url\" content=\"https:\/\/polydeck.com\/pt\/\" \/>\n<meta property=\"og:site_name\" content=\"Polydeck\" \/>\n<meta property=\"article:modified_time\" content=\"2026-01-22T15:50:05+00:00\" \/>\n<meta name=\"twitter:card\" content=\"summary_large_image\" \/>\n<script type=\"application\/ld+json\" class=\"yoast-schema-graph\">{\"@context\":\"https:\\\/\\\/schema.org\",\"@graph\":[{\"@type\":\"WebPage\",\"@id\":\"https:\\\/\\\/polydeck.com\\\/\",\"url\":\"https:\\\/\\\/polydeck.com\\\/\",\"name\":\"Polydeck: Screen Media Solutions that Make a Difference\",\"isPartOf\":{\"@id\":\"https:\\\/\\\/polydeck.com\\\/#website\"},\"datePublished\":\"2024-08-01T17:42:55+00:00\",\"dateModified\":\"2026-01-22T15:50:05+00:00\",\"description\":\"We're Polydeck\u2014 Your partner for all things screening. Our job is to elevate your processes with more throughput, longer wear life, and greater efficiency.\",\"breadcrumb\":{\"@id\":\"https:\\\/\\\/polydeck.com\\\/#breadcrumb\"},\"inLanguage\":\"pt-BR\",\"potentialAction\":[{\"@type\":\"ReadAction\",\"target\":[\"https:\\\/\\\/polydeck.com\\\/\"]}]},{\"@type\":\"BreadcrumbList\",\"@id\":\"https:\\\/\\\/polydeck.com\\\/#breadcrumb\",\"itemListElement\":[{\"@type\":\"ListItem\",\"position\":1,\"name\":\"Home\",\"item\":\"https:\\\/\\\/polydeck.com\\\/\"},{\"@type\":\"ListItem\",\"position\":2,\"name\":\"Home V2\"}]},{\"@type\":\"WebSite\",\"@id\":\"https:\\\/\\\/polydeck.com\\\/#website\",\"url\":\"https:\\\/\\\/polydeck.com\\\/\",\"name\":\"Polydeck\",\"description\":\"Modular Synthetic Screen Media\",\"potentialAction\":[{\"@type\":\"SearchAction\",\"target\":{\"@type\":\"EntryPoint\",\"urlTemplate\":\"https:\\\/\\\/polydeck.com\\\/?s={search_term_string}\"},\"query-input\":{\"@type\":\"PropertyValueSpecification\",\"valueRequired\":true,\"valueName\":\"search_term_string\"}}],\"inLanguage\":\"pt-BR\"}]}<\/script>\n<!-- \/ Yoast SEO plugin. -->","yoast_head_json":{"title":"Polydeck: Solu\u00e7\u00f5es de m\u00eddia de tela que fazem a diferen\u00e7a","description":"Somos a Polydeck, sua parceira para tudo relacionado a peneiramento. Nosso trabalho \u00e9 elevar seus processos com mais produtividade, vida \u00fatil mais longa e maior efici\u00eancia.","robots":{"index":"index","follow":"follow","max-snippet":"max-snippet:-1","max-image-preview":"max-image-preview:large","max-video-preview":"max-video-preview:-1"},"canonical":"https:\/\/polydeck.com\/pt\/","og_locale":"pt_BR","og_type":"article","og_title":"Polydeck: Screen Media Solutions that Make a Difference","og_description":"We're Polydeck\u2014 Your partner for all things screening. Our job is to elevate your processes with more throughput, longer wear life, and greater efficiency.","og_url":"https:\/\/polydeck.com\/pt\/","og_site_name":"Polydeck","article_modified_time":"2026-01-22T15:50:05+00:00","twitter_card":"summary_large_image","schema":{"@context":"https:\/\/schema.org","@graph":[{"@type":"WebPage","@id":"https:\/\/polydeck.com\/","url":"https:\/\/polydeck.com\/","name":"Polydeck: Solu\u00e7\u00f5es de m\u00eddia de tela que fazem a diferen\u00e7a","isPartOf":{"@id":"https:\/\/polydeck.com\/#website"},"datePublished":"2024-08-01T17:42:55+00:00","dateModified":"2026-01-22T15:50:05+00:00","description":"Somos a Polydeck, sua parceira para tudo relacionado a peneiramento. Nosso trabalho \u00e9 elevar seus processos com mais produtividade, vida \u00fatil mais longa e maior efici\u00eancia.","breadcrumb":{"@id":"https:\/\/polydeck.com\/#breadcrumb"},"inLanguage":"pt-BR","potentialAction":[{"@type":"ReadAction","target":["https:\/\/polydeck.com\/"]}]},{"@type":"BreadcrumbList","@id":"https:\/\/polydeck.com\/#breadcrumb","itemListElement":[{"@type":"ListItem","position":1,"name":"Home","item":"https:\/\/polydeck.com\/"},{"@type":"ListItem","position":2,"name":"Home V2"}]},{"@type":"WebSite","@id":"https:\/\/polydeck.com\/#website","url":"https:\/\/polydeck.com\/","name":"Polydeck","description":"M\u00eddia de tela sint\u00e9tica modular","potentialAction":[{"@type":"SearchAction","target":{"@type":"EntryPoint","urlTemplate":"https:\/\/polydeck.com\/?s={search_term_string}"},"query-input":{"@type":"PropertyValueSpecification","valueRequired":true,"valueName":"search_term_string"}}],"inLanguage":"pt-BR"}]}},"_links":{"self":[{"href":"https:\/\/polydeck.com\/pt\/wp-json\/wp\/v2\/pages\/508","targetHints":{"allow":["GET"]}}],"collection":[{"href":"https:\/\/polydeck.com\/pt\/wp-json\/wp\/v2\/pages"}],"about":[{"href":"https:\/\/polydeck.com\/pt\/wp-json\/wp\/v2\/types\/page"}],"author":[{"embeddable":true,"href":"https:\/\/polydeck.com\/pt\/wp-json\/wp\/v2\/users\/1"}],"replies":[{"embeddable":true,"href":"https:\/\/polydeck.com\/pt\/wp-json\/wp\/v2\/comments?post=508"}],"version-history":[{"count":0,"href":"https:\/\/polydeck.com\/pt\/wp-json\/wp\/v2\/pages\/508\/revisions"}],"wp:attachment":[{"href":"https:\/\/polydeck.com\/pt\/wp-json\/wp\/v2\/media?parent=508"}],"curies":[{"name":"wp","href":"https:\/\/api.w.org\/{rel}","templated":true}]}}