{"id":9485,"date":"2025-01-20T18:42:45","date_gmt":"2025-01-20T18:42:45","guid":{"rendered":"https:\/\/polydeck.com\/?page_id=9485"},"modified":"2025-11-25T17:13:14","modified_gmt":"2025-11-25T17:13:14","slug":"protex","status":"publish","type":"page","link":"https:\/\/polydeck.com\/pt\/products\/protex\/","title":{"rendered":"Produtos de Prote\u00e7\u00e3o"},"content":{"rendered":"","protected":false},"excerpt":{"rendered":"","protected":false},"author":1,"featured_media":0,"parent":405,"menu_order":0,"comment_status":"closed","ping_status":"closed","template":"","meta":{"footnotes":""},"class_list":["post-9485","page","type-page","status-publish","hentry"],"yoast_head":"<!-- This site is optimized with the Yoast SEO plugin v27.3 - https:\/\/yoast.com\/product\/yoast-seo-wordpress\/ -->\n<title>Protective Products | Polydeck<\/title>\n<meta name=\"description\" content=\"Our protective product solutions feature 7 high-quality lines of liners and protectors designed to reduce wear on your equipment. Browse the catalog.\" \/>\n<meta name=\"robots\" content=\"index, follow, max-snippet:-1, max-image-preview:large, max-video-preview:-1\" \/>\n<link rel=\"canonical\" href=\"https:\/\/polydeck.com\/pt\/products\/protex\/\" \/>\n<meta property=\"og:locale\" content=\"pt_BR\" \/>\n<meta property=\"og:type\" content=\"article\" \/>\n<meta property=\"og:title\" content=\"Protective Products | Polydeck\" \/>\n<meta property=\"og:description\" content=\"Our protective product solutions feature 7 high-quality lines of liners and protectors designed to reduce wear on your equipment. Browse the catalog.\" \/>\n<meta property=\"og:url\" content=\"https:\/\/polydeck.com\/pt\/products\/protex\/\" \/>\n<meta property=\"og:site_name\" content=\"Polydeck\" \/>\n<meta property=\"article:modified_time\" content=\"2025-11-25T17:13:14+00:00\" \/>\n<meta name=\"twitter:card\" content=\"summary_large_image\" \/>\n<script type=\"application\/ld+json\" class=\"yoast-schema-graph\">{\"@context\":\"https:\\\/\\\/schema.org\",\"@graph\":[{\"@type\":\"WebPage\",\"@id\":\"https:\\\/\\\/polydeck.com\\\/products\\\/protex\\\/\",\"url\":\"https:\\\/\\\/polydeck.com\\\/products\\\/protex\\\/\",\"name\":\"Protective Products | Polydeck\",\"isPartOf\":{\"@id\":\"https:\\\/\\\/polydeck.com\\\/#website\"},\"datePublished\":\"2025-01-20T18:42:45+00:00\",\"dateModified\":\"2025-11-25T17:13:14+00:00\",\"description\":\"Our protective product solutions feature 7 high-quality lines of liners and protectors designed to reduce wear on your equipment. Browse the catalog.\",\"breadcrumb\":{\"@id\":\"https:\\\/\\\/polydeck.com\\\/products\\\/protex\\\/#breadcrumb\"},\"inLanguage\":\"pt-BR\",\"potentialAction\":[{\"@type\":\"ReadAction\",\"target\":[\"https:\\\/\\\/polydeck.com\\\/products\\\/protex\\\/\"]}]},{\"@type\":\"BreadcrumbList\",\"@id\":\"https:\\\/\\\/polydeck.com\\\/products\\\/protex\\\/#breadcrumb\",\"itemListElement\":[{\"@type\":\"ListItem\",\"position\":1,\"name\":\"Home\",\"item\":\"https:\\\/\\\/polydeck.com\\\/\"},{\"@type\":\"ListItem\",\"position\":2,\"name\":\"Our Products\",\"item\":\"https:\\\/\\\/polydeck.com\\\/products\\\/\"},{\"@type\":\"ListItem\",\"position\":3,\"name\":\"Protective Products\"}]},{\"@type\":\"WebSite\",\"@id\":\"https:\\\/\\\/polydeck.com\\\/#website\",\"url\":\"https:\\\/\\\/polydeck.com\\\/\",\"name\":\"Polydeck\",\"description\":\"Modular Synthetic Screen Media\",\"potentialAction\":[{\"@type\":\"SearchAction\",\"target\":{\"@type\":\"EntryPoint\",\"urlTemplate\":\"https:\\\/\\\/polydeck.com\\\/?s={search_term_string}\"},\"query-input\":{\"@type\":\"PropertyValueSpecification\",\"valueRequired\":true,\"valueName\":\"search_term_string\"}}],\"inLanguage\":\"pt-BR\"}]}<\/script>\n<!-- \/ Yoast SEO plugin. -->","yoast_head_json":{"title":"Produtos de prote\u00e7\u00e3o | Polydeck","description":"Nossas solu\u00e7\u00f5es de produtos de prote\u00e7\u00e3o apresentam 7 linhas de alta qualidade de revestimentos e protetores projetados para reduzir o desgaste do seu equipamento. Navegue pelo cat\u00e1logo.","robots":{"index":"index","follow":"follow","max-snippet":"max-snippet:-1","max-image-preview":"max-image-preview:large","max-video-preview":"max-video-preview:-1"},"canonical":"https:\/\/polydeck.com\/pt\/products\/protex\/","og_locale":"pt_BR","og_type":"article","og_title":"Protective Products | Polydeck","og_description":"Our protective product solutions feature 7 high-quality lines of liners and protectors designed to reduce wear on your equipment. Browse the catalog.","og_url":"https:\/\/polydeck.com\/pt\/products\/protex\/","og_site_name":"Polydeck","article_modified_time":"2025-11-25T17:13:14+00:00","twitter_card":"summary_large_image","schema":{"@context":"https:\/\/schema.org","@graph":[{"@type":"WebPage","@id":"https:\/\/polydeck.com\/products\/protex\/","url":"https:\/\/polydeck.com\/products\/protex\/","name":"Produtos de prote\u00e7\u00e3o | Polydeck","isPartOf":{"@id":"https:\/\/polydeck.com\/#website"},"datePublished":"2025-01-20T18:42:45+00:00","dateModified":"2025-11-25T17:13:14+00:00","description":"Nossas solu\u00e7\u00f5es de produtos de prote\u00e7\u00e3o apresentam 7 linhas de alta qualidade de revestimentos e protetores projetados para reduzir o desgaste do seu equipamento. Navegue pelo cat\u00e1logo.","breadcrumb":{"@id":"https:\/\/polydeck.com\/products\/protex\/#breadcrumb"},"inLanguage":"pt-BR","potentialAction":[{"@type":"ReadAction","target":["https:\/\/polydeck.com\/products\/protex\/"]}]},{"@type":"BreadcrumbList","@id":"https:\/\/polydeck.com\/products\/protex\/#breadcrumb","itemListElement":[{"@type":"ListItem","position":1,"name":"Home","item":"https:\/\/polydeck.com\/"},{"@type":"ListItem","position":2,"name":"Our Products","item":"https:\/\/polydeck.com\/products\/"},{"@type":"ListItem","position":3,"name":"Protective Products"}]},{"@type":"WebSite","@id":"https:\/\/polydeck.com\/#website","url":"https:\/\/polydeck.com\/","name":"Polydeck","description":"M\u00eddia de tela sint\u00e9tica modular","potentialAction":[{"@type":"SearchAction","target":{"@type":"EntryPoint","urlTemplate":"https:\/\/polydeck.com\/?s={search_term_string}"},"query-input":{"@type":"PropertyValueSpecification","valueRequired":true,"valueName":"search_term_string"}}],"inLanguage":"pt-BR"}]}},"_links":{"self":[{"href":"https:\/\/polydeck.com\/pt\/wp-json\/wp\/v2\/pages\/9485","targetHints":{"allow":["GET"]}}],"collection":[{"href":"https:\/\/polydeck.com\/pt\/wp-json\/wp\/v2\/pages"}],"about":[{"href":"https:\/\/polydeck.com\/pt\/wp-json\/wp\/v2\/types\/page"}],"author":[{"embeddable":true,"href":"https:\/\/polydeck.com\/pt\/wp-json\/wp\/v2\/users\/1"}],"replies":[{"embeddable":true,"href":"https:\/\/polydeck.com\/pt\/wp-json\/wp\/v2\/comments?post=9485"}],"version-history":[{"count":0,"href":"https:\/\/polydeck.com\/pt\/wp-json\/wp\/v2\/pages\/9485\/revisions"}],"up":[{"embeddable":true,"href":"https:\/\/polydeck.com\/pt\/wp-json\/wp\/v2\/pages\/405"}],"wp:attachment":[{"href":"https:\/\/polydeck.com\/pt\/wp-json\/wp\/v2\/media?parent=9485"}],"curies":[{"name":"wp","href":"https:\/\/api.w.org\/{rel}","templated":true}]}}