{"id":9519,"date":"2025-01-20T21:22:43","date_gmt":"2025-01-20T21:22:43","guid":{"rendered":"https:\/\/polydeck.com\/?page_id=9519"},"modified":"2026-02-18T21:38:41","modified_gmt":"2026-02-18T21:38:41","slug":"protex-c","status":"publish","type":"page","link":"https:\/\/polydeck.com\/pt\/products\/protex\/protex-c\/","title":{"rendered":"Protex C"},"content":{"rendered":"","protected":false},"excerpt":{"rendered":"","protected":false},"author":1,"featured_media":0,"parent":9485,"menu_order":0,"comment_status":"closed","ping_status":"closed","template":"","meta":{"footnotes":""},"class_list":["post-9519","page","type-page","status-publish","hentry"],"yoast_head":"<!-- This site is optimized with the Yoast SEO plugin v27.5 - https:\/\/yoast.com\/product\/yoast-seo-wordpress\/ -->\n<title>Protective Products: Protex C | Polydeck<\/title>\n<meta name=\"description\" content=\"Polydeck\u2019s Rubber Linings (RC) and Urethane Coatings (UC) are designed to protect frames and stringers from abrasive or high-impact applications.\" \/>\n<meta name=\"robots\" content=\"index, follow, max-snippet:-1, max-image-preview:large, max-video-preview:-1\" \/>\n<link rel=\"canonical\" href=\"https:\/\/polydeck.com\/pt\/products\/protex\/protex-c\/\" \/>\n<meta property=\"og:locale\" content=\"pt_BR\" \/>\n<meta property=\"og:type\" content=\"article\" \/>\n<meta property=\"og:title\" content=\"Protective Products: Protex C | Polydeck\" \/>\n<meta property=\"og:description\" content=\"Polydeck\u2019s Rubber Linings (RC) and Urethane Coatings (UC) are designed to protect frames and stringers from abrasive or high-impact applications.\" \/>\n<meta property=\"og:url\" content=\"https:\/\/polydeck.com\/pt\/products\/protex\/protex-c\/\" \/>\n<meta property=\"og:site_name\" content=\"Polydeck\" \/>\n<meta property=\"article:modified_time\" content=\"2026-02-18T21:38:41+00:00\" \/>\n<meta name=\"twitter:card\" content=\"summary_large_image\" \/>\n<script type=\"application\/ld+json\" class=\"yoast-schema-graph\">{\"@context\":\"https:\\\/\\\/schema.org\",\"@graph\":[{\"@type\":\"WebPage\",\"@id\":\"https:\\\/\\\/polydeck.com\\\/products\\\/protex\\\/protex-c\\\/\",\"url\":\"https:\\\/\\\/polydeck.com\\\/products\\\/protex\\\/protex-c\\\/\",\"name\":\"Protective Products: Protex C | Polydeck\",\"isPartOf\":{\"@id\":\"https:\\\/\\\/polydeck.com\\\/#website\"},\"datePublished\":\"2025-01-20T21:22:43+00:00\",\"dateModified\":\"2026-02-18T21:38:41+00:00\",\"description\":\"Polydeck\u2019s Rubber Linings (RC) and Urethane Coatings (UC) are designed to protect frames and stringers from abrasive or high-impact applications.\",\"breadcrumb\":{\"@id\":\"https:\\\/\\\/polydeck.com\\\/products\\\/protex\\\/protex-c\\\/#breadcrumb\"},\"inLanguage\":\"pt-BR\",\"potentialAction\":[{\"@type\":\"ReadAction\",\"target\":[\"https:\\\/\\\/polydeck.com\\\/products\\\/protex\\\/protex-c\\\/\"]}]},{\"@type\":\"BreadcrumbList\",\"@id\":\"https:\\\/\\\/polydeck.com\\\/products\\\/protex\\\/protex-c\\\/#breadcrumb\",\"itemListElement\":[{\"@type\":\"ListItem\",\"position\":1,\"name\":\"Home\",\"item\":\"https:\\\/\\\/polydeck.com\\\/\"},{\"@type\":\"ListItem\",\"position\":2,\"name\":\"Our Products\",\"item\":\"https:\\\/\\\/polydeck.com\\\/products\\\/\"},{\"@type\":\"ListItem\",\"position\":3,\"name\":\"Protective Products\",\"item\":\"https:\\\/\\\/polydeck.com\\\/products\\\/protex\\\/\"},{\"@type\":\"ListItem\",\"position\":4,\"name\":\"Protex C\"}]},{\"@type\":\"WebSite\",\"@id\":\"https:\\\/\\\/polydeck.com\\\/#website\",\"url\":\"https:\\\/\\\/polydeck.com\\\/\",\"name\":\"Polydeck\",\"description\":\"Modular Synthetic Screen Media\",\"potentialAction\":[{\"@type\":\"SearchAction\",\"target\":{\"@type\":\"EntryPoint\",\"urlTemplate\":\"https:\\\/\\\/polydeck.com\\\/?s={search_term_string}\"},\"query-input\":{\"@type\":\"PropertyValueSpecification\",\"valueRequired\":true,\"valueName\":\"search_term_string\"}}],\"inLanguage\":\"pt-BR\"}]}<\/script>\n<!-- \/ Yoast SEO plugin. -->","yoast_head_json":{"title":"Produtos de prote\u00e7\u00e3o: Protex C | Polydeck","description":"Os revestimentos de borracha (RC) e os revestimentos de uretano (UC) da Polydeck s\u00e3o projetados para proteger as estruturas e as longarinas de aplica\u00e7\u00f5es abrasivas ou de alto impacto.","robots":{"index":"index","follow":"follow","max-snippet":"max-snippet:-1","max-image-preview":"max-image-preview:large","max-video-preview":"max-video-preview:-1"},"canonical":"https:\/\/polydeck.com\/pt\/products\/protex\/protex-c\/","og_locale":"pt_BR","og_type":"article","og_title":"Protective Products: Protex C | Polydeck","og_description":"Polydeck\u2019s Rubber Linings (RC) and Urethane Coatings (UC) are designed to protect frames and stringers from abrasive or high-impact applications.","og_url":"https:\/\/polydeck.com\/pt\/products\/protex\/protex-c\/","og_site_name":"Polydeck","article_modified_time":"2026-02-18T21:38:41+00:00","twitter_card":"summary_large_image","schema":{"@context":"https:\/\/schema.org","@graph":[{"@type":"WebPage","@id":"https:\/\/polydeck.com\/products\/protex\/protex-c\/","url":"https:\/\/polydeck.com\/products\/protex\/protex-c\/","name":"Produtos de prote\u00e7\u00e3o: Protex C | Polydeck","isPartOf":{"@id":"https:\/\/polydeck.com\/#website"},"datePublished":"2025-01-20T21:22:43+00:00","dateModified":"2026-02-18T21:38:41+00:00","description":"Os revestimentos de borracha (RC) e os revestimentos de uretano (UC) da Polydeck s\u00e3o projetados para proteger as estruturas e as longarinas de aplica\u00e7\u00f5es abrasivas ou de alto impacto.","breadcrumb":{"@id":"https:\/\/polydeck.com\/products\/protex\/protex-c\/#breadcrumb"},"inLanguage":"pt-BR","potentialAction":[{"@type":"ReadAction","target":["https:\/\/polydeck.com\/products\/protex\/protex-c\/"]}]},{"@type":"BreadcrumbList","@id":"https:\/\/polydeck.com\/products\/protex\/protex-c\/#breadcrumb","itemListElement":[{"@type":"ListItem","position":1,"name":"Home","item":"https:\/\/polydeck.com\/"},{"@type":"ListItem","position":2,"name":"Our Products","item":"https:\/\/polydeck.com\/products\/"},{"@type":"ListItem","position":3,"name":"Protective Products","item":"https:\/\/polydeck.com\/products\/protex\/"},{"@type":"ListItem","position":4,"name":"Protex C"}]},{"@type":"WebSite","@id":"https:\/\/polydeck.com\/#website","url":"https:\/\/polydeck.com\/","name":"Polydeck","description":"M\u00eddia de tela sint\u00e9tica modular","potentialAction":[{"@type":"SearchAction","target":{"@type":"EntryPoint","urlTemplate":"https:\/\/polydeck.com\/?s={search_term_string}"},"query-input":{"@type":"PropertyValueSpecification","valueRequired":true,"valueName":"search_term_string"}}],"inLanguage":"pt-BR"}]}},"_links":{"self":[{"href":"https:\/\/polydeck.com\/pt\/wp-json\/wp\/v2\/pages\/9519","targetHints":{"allow":["GET"]}}],"collection":[{"href":"https:\/\/polydeck.com\/pt\/wp-json\/wp\/v2\/pages"}],"about":[{"href":"https:\/\/polydeck.com\/pt\/wp-json\/wp\/v2\/types\/page"}],"author":[{"embeddable":true,"href":"https:\/\/polydeck.com\/pt\/wp-json\/wp\/v2\/users\/1"}],"replies":[{"embeddable":true,"href":"https:\/\/polydeck.com\/pt\/wp-json\/wp\/v2\/comments?post=9519"}],"version-history":[{"count":0,"href":"https:\/\/polydeck.com\/pt\/wp-json\/wp\/v2\/pages\/9519\/revisions"}],"up":[{"embeddable":true,"href":"https:\/\/polydeck.com\/pt\/wp-json\/wp\/v2\/pages\/9485"}],"wp:attachment":[{"href":"https:\/\/polydeck.com\/pt\/wp-json\/wp\/v2\/media?parent=9519"}],"curies":[{"name":"wp","href":"https:\/\/api.w.org\/{rel}","templated":true}]}}